{"id":637,"date":"2021-02-18T15:44:29","date_gmt":"2021-02-18T15:44:29","guid":{"rendered":"https:\/\/www.cf-international-ecovis.com\/us\/?page_id=637"},"modified":"2021-03-25T15:34:12","modified_gmt":"2021-03-25T15:34:12","slug":"legal-francais","status":"publish","type":"page","link":"https:\/\/www.cf-international-ecovis.com\/us\/legal-francais\/","title":{"rendered":"Legal &#8211; fran\u00e7ais"},"content":{"rendered":"<h2><b class=\"titrepara\">\u00c9DITEUR DU SITE<\/b><\/h2>\n<p>CABINET HENDERSON \u2013 Groupe COMPAGNIE FIDUCIAIRE<br \/>\n11 Rue de Rome, 75008 PARIS<\/p>\n<p><a href=\"https:\/\/www.cf-international-ecovis.com\/us\/\">https:\/\/www.cf-international-ecovis.com\/us\/<\/a>\u2013 contact@compagnie-fiduciaire.com<\/p>\n<p>SA \u00e0 conseil d\u2019administration au capital de 8 000 000 euros \u2013 R.C.S. BORDEAUX 320 153 984<\/p>\n<p>N\u00b0 TVA intracommunautaire : FR 71 320 153 984<\/p>\n<p>Inscrite au tableau de l\u2019Ordre des Experts-Comptables de la r\u00e9gion Bordeaux \u2013 Nouvelle-Aquitaine<\/p>\n<p>N\u00b0 d\u00e9claration CNIL : 758977<\/p>\n<p>Nom du directeur de la publication\/responsable de la r\u00e9daction : Jean-Philippe ROMERO<\/p>\n<p>&nbsp;<\/p>\n<h2 class=\"titrepara\"><b>HEBERGEUR DU SITE<\/b><\/h2>\n<p>Nom de l\u2019h\u00e9bergeur du site : OVH<\/p>\n<p>Raison sociale : OVH SAS<\/p>\n<p>Plateforme de gestion et cr\u00e9ation de sites internet<\/p>\n<p>Adresse : 2 rue Kellermann \u2013 59100 Roubaix \u2013 France<\/p>\n<p>Site web :\u00a0<a href=\"http:\/\/www.ovh.com\/\">http:\/\/www.ovh.com<\/a><\/p>\n<p>&nbsp;<\/p>\n<h2><b class=\"titrepara\">D\u00c9CLARATION A LA CNIL<\/b><\/h2>\n<p>Conform\u00e9ment \u00e0 la loi 78-17 du 6 janvier 1978 (modifi\u00e9e par la loi 2004-801 du 6 ao\u00fbt 2004 relative \u00e0 la protection des personnes physiques \u00e0 l\u2019\u00e9gard des traitements de donn\u00e9es \u00e0 caract\u00e8re personnel) relative \u00e0 l\u2019informatique, aux fichiers et aux libert\u00e9s, le site a fait l\u2019objet d\u2019une d\u00e9claration aupr\u00e8s de la Commission nationale de l\u2019informatique et des libert\u00e9s (www.cnil.fr).<\/p>\n<p>Le recueil de donn\u00e9es personnelles sur le site <a href=\"https:\/\/www.cf-international-ecovis.com\/us\/\">https:\/\/www.cf-international-ecovis.com\/us\/<\/a>\u00a0(demande de devis, inscription \u00e0 la newsletter, \u00e0 tout autre service fourni par Henderson) se fait avec le consentement explicite de l\u2019Utilisateur et \u00e0 son initiative.<\/p>\n<p>Les donn\u00e9es personnelles ainsi collect\u00e9es sont destin\u00e9es \u00e0 apporter une information \u00e0 l\u2019Utilisateur ou \u00e0 le recontacter pour r\u00e9pondre \u00e0 sa demande, notamment \u00e0 des fins commerciales. Les informations personnelles collect\u00e9es ne sont en aucun cas confi\u00e9es \u00e0 des tiers hormis aux partenaires de Henderson apr\u00e8s accord expr\u00e8s de l\u2019Utilisateur et pour l\u2019\u00e9ventuelle bonne ex\u00e9cution de la prestation command\u00e9e par l\u2019internaute.<\/p>\n<p>Aucune information personnelle n\u2019est utilis\u00e9e \u00e0 des fins non pr\u00e9vues.<\/p>\n<p>En application de cette loi, les internautes disposent d\u2019un droit d\u2019acc\u00e8s, de rectification, de portabilit\u00e9 et de suppression concernant les donn\u00e9es qui les concernent personnellement. Ce droit peut \u00eatre exerc\u00e9 par voie postale aupr\u00e8s de Henderson ou par voie \u00e9lectronique \u00e0 l\u2019adresse email suivante\u00a0:\u00a0<a href=\"mailto:contact@compagnie-fiduciaire.com\">contact@compagnie-fiduciaire.com<\/a><\/p>\n<h2><b class=\"titrepara\">COOKIES<\/b><\/h2>\n<p>Les cookies d\u00e9signent des identifiants alphanum\u00e9riques transf\u00e9r\u00e9s sur le disque dur de l\u2019\u00e9quipement de l\u2019Utilisateur via son navigateur internet et qui permet \u00e0 Henderson de reconna\u00eetre ce navigateur.<\/p>\n<p>Henderson se r\u00e9serve le droit de placer des \u00ab cookies \u00bb sur l\u2019ordinateur de l\u2019Utilisateur et d\u2019y acc\u00e9der. Les cookies utilis\u00e9s sur le site de Henderson permettent d\u2019identifier les services et rubriques que l\u2019Utilisateur a visit\u00e9s, et plus g\u00e9n\u00e9ralement son comportement en mati\u00e8re de visites.<\/p>\n<p>Ces informations sont utiles pour mieux personnaliser les services, contenus, offres promotionnelles et banni\u00e8res qui apparaissent sur le site Henderson.<\/p>\n<p>L\u2019Utilisateur peut d\u00e9sactiver les cookies ou les supprimer en utilisant les options de son navigateur. Chaque navigateur \u00e9tant diff\u00e9rent, l\u2019Utilisateur est invit\u00e9 \u00e0 consulter la notice de son navigateur pour le param\u00e9trer \u00e0 sa convenance. Les cookies pourront enregistrer les visites, la date et l\u2019heure de la consultation. Les cookies seront conserv\u00e9s sur le disque dur de l\u2019Utilisateur pendant douze (12) mois.<\/p>\n<p>Les cookies de publicit\u00e9s cibl\u00e9es de nos partenaires : Henderson peut \u00eatre amen\u00e9 \u00e0 travailler avec des soci\u00e9t\u00e9s partenaires (par exemple des solutions de d\u00e9livrance ou de ciblage de la publicit\u00e9) qui dans ce cadre peuvent utiliser des cookies ou des technologies \u00e9quivalentes lorsque vous naviguez sur notre site ou lorsque que des publicit\u00e9s cibl\u00e9es par ces partenaires vous sont propos\u00e9es.<\/p>\n<p>Pour en savoir plus, vous pouvez consulter notre\u00a0<a href=\"https:\/\/www.cf-international-ecovis.com\/uk\/index.php\/component\/content\/article\/96\" target=\"_blank\" rel=\"noopener noreferrer\">Politique de confidentialit\u00e9 des donn\u00e9es.\u00a0<\/a><\/p>\n<h2><b class=\"titrepara\">PROPRI\u00c9T\u00c9 INTELLECTUELLE<\/b><\/h2>\n<p>Henderson est une marque d\u00e9pos\u00e9e. Les marques, logos et plus g\u00e9n\u00e9ralement tous les \u00e9l\u00e9ments de propri\u00e9t\u00e9 intellectuelle, \u00e0 l\u2019exception des marques, logos ou contenus appartenant \u00e0 d\u2019autres soci\u00e9t\u00e9s partenaires ou auteurs, sont d\u00e9pos\u00e9es et prot\u00e9g\u00e9es \u00e0 ce titre par Henderson. Toute reproduction, distribution, modification, adaptation, retransmission ou publication, m\u00eame partielle, de ces diff\u00e9rents \u00e9l\u00e9ments est strictement interdite. Cette repr\u00e9sentation ou reproduction, par quelque proc\u00e9d\u00e9 que ce soit, constitue une contrefa\u00e7on sanctionn\u00e9e par les articles L.3335-2 et suivants du Code de la propri\u00e9t\u00e9 intellectuelle. Le non-respect de cette interdiction constitue une contrefa\u00e7on pouvant engager la responsabilit\u00e9 civile et p\u00e9nale du contrefacteur. En outre, les propri\u00e9taires des contenus copi\u00e9s pourraient intenter une action en justice \u00e0 votre encontre. Henderson est identiquement propri\u00e9taire des \u201cdroits des producteurs de bases de donn\u00e9es\u201d vis\u00e9s au Livre III, Titre IV, du Code de la Propri\u00e9t\u00e9 Intellectuelle (loi n\u00b0 98-536 du 1er juillet 1998) relative aux droits d\u2019auteur et aux bases de donn\u00e9es. Les Utilisateurs du site internet peuvent mettre en place un hyperlien en direction de ce site. Par ailleurs, la mise en forme de ce site a n\u00e9cessit\u00e9 le recours \u00e0 des sources externes dont nous avons acquis les droits ou dont les droits d\u2019utilisation sont ouverts.<\/p>\n<h2><b class=\"titrepara\">LIMITATION DE RESPONSABILIT\u00c9<\/b><\/h2>\n<p><strong>NAVIGATION SUR LE SITE<\/strong><\/p>\n<p>Henderson ne saurait \u00eatre responsable d\u2019une inex\u00e9cution ou d\u2019une mauvaise ex\u00e9cution intervenant en raison d\u2019un fait impr\u00e9visible ou insurmontable ou d\u2019un cas de force majeure tel que d\u00e9fini par la loi et la jurisprudence des Tribunaux fran\u00e7ais. Il appartient \u00e0 l\u2019Utilisateur de prendre l\u2019ensemble des mesures appropri\u00e9es afin de prot\u00e9ger ses propres appareils, donn\u00e9es et\/ou logiciels de toute contamination \u00e0 d\u2019\u00e9ventuels virus informatiques v\u00e9hicul\u00e9s par l\u2019Internet. En cons\u00e9quence, la responsabilit\u00e9 de Henderson ne pourra en aucun cas \u00eatre recherch\u00e9e du fait de l\u2019utilisation de l\u2019espace client et de ses outils par l\u2019Utilisateur sur le site <a href=\"https:\/\/www.cf-international-ecovis.com\/us\/\">https:\/\/www.cf-international-ecovis.com\/us\/<\/a>.<\/p>\n<p>De m\u00eame, la responsabilit\u00e9 de Henderson ne saurait \u00eatre engag\u00e9e dans les cas suivants :<\/p>\n<p>\u2022 Difficult\u00e9s de fonctionnement ou interruptions du site <a href=\"https:\/\/www.cf-international-ecovis.com\/us\/\">https:\/\/www.cf-international-ecovis.com\/us\/<\/a> ind\u00e9pendamment de la volont\u00e9 de Henderson ;<\/p>\n<p>\u2022 Interruptions momentan\u00e9es du site <a href=\"https:\/\/www.cf-international-ecovis.com\/us\/\">https:\/\/www.cf-international-ecovis.com\/us\/<\/a> n\u00e9cessaires \u00e0 son \u00e9volution, sa maintenance ou sa mise \u00e0 jour ;<\/p>\n<p>\u2022 D\u00e9faillances ou dysfonctionnements du r\u00e9seau Internet dans la transmission de donn\u00e9es, messages ou documents. De plus, Henderson prend toutes les pr\u00e9cautions possibles pour s\u2019assurer de la s\u00e9curit\u00e9 et de la confidentialit\u00e9 des donn\u00e9es transmises par l\u2019Utilisateur.<\/p>\n<p>&nbsp;<\/p>\n<p><strong>UTILISATION DES CONTENUS DU SITE<\/strong><\/p>\n<p>Henderson s\u2019emploie \u00e0 proposer sur son site l\u2019information la plus fiable et actualis\u00e9e possible. Cependant, la fr\u00e9quence de modification des lois et r\u00e8glementations peut impacter sa v\u00e9racit\u00e9 ; des erreurs ou omissions peuvent donc survenir. Les informations communiqu\u00e9es sur le site ne peuvent en aucun cas \u00eatre assimil\u00e9es \u00e0 des prestations de service ou de conseil que Henderson offrirait \u00e0 l\u2019Utilisateur.<\/p>\n<p>Chaque entreprise ou projet entrepreneurial a ses sp\u00e9cificit\u00e9s et la consultation d\u2019une personne professionnellement comp\u00e9tente et habilit\u00e9e est n\u00e9cessaire. Ainsi, en aucun cas la responsabilit\u00e9 de Henderson ne saurait \u00eatre engag\u00e9e du fait de l\u2019usage que l\u2019Utilisateur pourrait faire des informations pr\u00e9sentes sur le site <a href=\"https:\/\/www.cf-international-ecovis.com\/us\/\">https:\/\/www.cf-international-ecovis.com\/us\/<\/a>.<\/p>\n<p>Tout contenu t\u00e9l\u00e9charg\u00e9 se fait aux risques et p\u00e9rils de l\u2019Utilisateur et sous sa seule responsabilit\u00e9. En cons\u00e9quence, ne saurait \u00eatre tenu responsable d\u2019un quelconque dommage subi par l\u2019ordinateur de l\u2019Utilisateur ou d\u2019une quelconque perte de donn\u00e9es cons\u00e9cutives au t\u00e9l\u00e9chargement. Les photos sont non contractuelles.<\/p>\n<p>&nbsp;<\/p>\n<p><strong>LIENS HYPERTEXTES PRESENTS SUR LE SITE<\/strong><\/p>\n<p>Les liens hypertextes mis en place dans le cadre du pr\u00e9sent site internet en direction d\u2019autres ressources pr\u00e9sentes sur le r\u00e9seau Internet ne sauraient engager la responsabilit\u00e9 de Henderson. Le site internet <a href=\"https:\/\/www.cf-international-ecovis.com\/us\/\">https:\/\/www.cf-international-ecovis.com\/us\/<\/a> peut offrir des liens vers d\u2019autres sites internet ou d\u2019autres ressources disponibles sur Internet.<\/p>\n<p>Henderson ne dispose d\u2019aucun moyen pour contr\u00f4ler les sites en connexion avec ces sites internet. Henderson ne r\u00e9pond pas de la disponibilit\u00e9 de tels sites et sources externes, ni ne la garantit. Elle ne peut \u00eatre tenue pour responsable de tout dommage, de quelque nature que ce soit, r\u00e9sultant du contenu de ces sites ou sources externes, et notamment des informations, produits ou services qu\u2019ils proposent, ou de tout usage qui peut \u00eatre fait de ces \u00e9l\u00e9ments.<\/p>\n<p>Les risques li\u00e9s \u00e0 cette utilisation incombent pleinement \u00e0 l\u2019internaute, qui doit se conformer \u00e0 leurs conditions d\u2019utilisation. En outre, le renvoi sur un site internet pour compl\u00e9ter une information recherch\u00e9e ne signifie en aucune fa\u00e7on que Henderson reconna\u00eet ou accepte quelque responsabilit\u00e9 quant \u00e0 la teneur ou \u00e0 l\u2019utilisation dudit site.<\/p>\n<h2><b class=\"titrepara\">LITIGES<\/b><\/h2>\n<p>Les pr\u00e9sentes mentions l\u00e9gales sont r\u00e9gies par les lois fran\u00e7aises et toute contestation ou litige qui pourraient na\u00eetre de l\u2019interpr\u00e9tation ou de l\u2019ex\u00e9cution de celles-ci seront de la comp\u00e9tence exclusive des tribunaux dont d\u00e9pend le si\u00e8ge social de la soci\u00e9t\u00e9 Henderson. La langue de r\u00e9f\u00e9rence, pour le r\u00e8glement de contentieux \u00e9ventuels, est le fran\u00e7ais.<\/p>\n<h2><b class=\"titrepara\">CONTACTEZ-NOUS<\/b><\/h2>\n<p>Henderson est \u00e0 votre disposition pour tous vos commentaires ou suggestions. Vous pouvez nous \u00e9crire en fran\u00e7ais par courrier \u00e9lectronique \u00e0\u00a0:\u00a0<a href=\"mailto:contact@compagnie-fiduciaire.com\">contact@compagnie-fiduciaire.com<\/a><\/p>\n","protected":false},"excerpt":{"rendered":"<p>\u00c9DITEUR DU SITE CABINET HENDERSON \u2013 Groupe COMPAGNIE FIDUCIAIRE 11 Rue de Rome, 75008 PARIS https:\/\/www.cf-international-ecovis.com\/us\/\u2013 contact@compagnie-fiduciaire.com SA \u00e0 conseil [&hellip;]<\/p>\n","protected":false},"author":2,"featured_media":0,"parent":0,"menu_order":0,"comment_status":"closed","ping_status":"closed","template":"","meta":{"_acf_changed":false,"content-type":"","inline_featured_image":false,"footnotes":""},"class_list":["post-637","page","type-page","status-publish","hentry"],"acf":[],"yoast_head":"<!-- This site is optimized with the Yoast SEO plugin v27.6 - https:\/\/yoast.com\/product\/yoast-seo-wordpress\/ -->\n<title>Legal - fran\u00e7ais - CF International US<\/title>\n<meta name=\"robots\" content=\"noindex, nofollow\" \/>\n<meta property=\"og:locale\" content=\"en_US\" \/>\n<meta property=\"og:type\" content=\"article\" \/>\n<meta property=\"og:title\" content=\"Legal - fran\u00e7ais - CF International US\" \/>\n<meta property=\"og:description\" content=\"\u00c9DITEUR DU SITE CABINET HENDERSON \u2013 Groupe COMPAGNIE FIDUCIAIRE 11 Rue de Rome, 75008 PARIS https:\/\/www.cf-international-ecovis.com\/us\/\u2013 contact@compagnie-fiduciaire.com SA \u00e0 conseil [&hellip;]\" \/>\n<meta property=\"og:url\" content=\"https:\/\/www.cf-international-ecovis.com\/us\/legal-francais\/\" \/>\n<meta property=\"og:site_name\" content=\"CF International US\" \/>\n<meta property=\"article:modified_time\" content=\"2021-03-25T15:34:12+00:00\" \/>\n<meta name=\"twitter:card\" content=\"summary_large_image\" \/>\n<meta name=\"twitter:label1\" content=\"Est. reading time\" \/>\n\t<meta name=\"twitter:data1\" content=\"8 minutes\" \/>\n<script type=\"application\/ld+json\" class=\"yoast-schema-graph\">{\"@context\":\"https:\\\/\\\/schema.org\",\"@graph\":[{\"@type\":\"WebPage\",\"@id\":\"https:\\\/\\\/www.cf-international-ecovis.com\\\/us\\\/legal-francais\\\/\",\"url\":\"https:\\\/\\\/www.cf-international-ecovis.com\\\/us\\\/legal-francais\\\/\",\"name\":\"Legal - fran\u00e7ais - CF International US\",\"isPartOf\":{\"@id\":\"https:\\\/\\\/www.cf-international-ecovis.com\\\/us\\\/#website\"},\"datePublished\":\"2021-02-18T15:44:29+00:00\",\"dateModified\":\"2021-03-25T15:34:12+00:00\",\"breadcrumb\":{\"@id\":\"https:\\\/\\\/www.cf-international-ecovis.com\\\/us\\\/legal-francais\\\/#breadcrumb\"},\"inLanguage\":\"en-US\",\"potentialAction\":[{\"@type\":\"ReadAction\",\"target\":[\"https:\\\/\\\/www.cf-international-ecovis.com\\\/us\\\/legal-francais\\\/\"]}]},{\"@type\":\"BreadcrumbList\",\"@id\":\"https:\\\/\\\/www.cf-international-ecovis.com\\\/us\\\/legal-francais\\\/#breadcrumb\",\"itemListElement\":[{\"@type\":\"ListItem\",\"position\":1,\"name\":\"Cabinet Henderson\",\"item\":\"https:\\\/\\\/www.cf-international-ecovis.com\\\/us\\\/\"},{\"@type\":\"ListItem\",\"position\":2,\"name\":\"Legal &#8211; fran\u00e7ais\"}]},{\"@type\":\"WebSite\",\"@id\":\"https:\\\/\\\/www.cf-international-ecovis.com\\\/us\\\/#website\",\"url\":\"https:\\\/\\\/www.cf-international-ecovis.com\\\/us\\\/\",\"name\":\"CF International US Desk\",\"description\":\"\",\"publisher\":{\"@id\":\"https:\\\/\\\/www.cf-international-ecovis.com\\\/us\\\/#organization\"},\"potentialAction\":[{\"@type\":\"SearchAction\",\"target\":{\"@type\":\"EntryPoint\",\"urlTemplate\":\"https:\\\/\\\/www.cf-international-ecovis.com\\\/us\\\/?s={search_term_string}\"},\"query-input\":{\"@type\":\"PropertyValueSpecification\",\"valueRequired\":true,\"valueName\":\"search_term_string\"}}],\"inLanguage\":\"en-US\"},{\"@type\":\"Organization\",\"@id\":\"https:\\\/\\\/www.cf-international-ecovis.com\\\/us\\\/#organization\",\"name\":\"CF International\",\"url\":\"https:\\\/\\\/www.cf-international-ecovis.com\\\/us\\\/\",\"logo\":{\"@type\":\"ImageObject\",\"inLanguage\":\"en-US\",\"@id\":\"https:\\\/\\\/www.cf-international-ecovis.com\\\/us\\\/#\\\/schema\\\/logo\\\/image\\\/\",\"url\":\"https:\\\/\\\/www.cf-international-ecovis.com\\\/us\\\/wp-content\\\/uploads\\\/sites\\\/3\\\/2020\\\/11\\\/logo-henderson.png\",\"contentUrl\":\"https:\\\/\\\/www.cf-international-ecovis.com\\\/us\\\/wp-content\\\/uploads\\\/sites\\\/3\\\/2020\\\/11\\\/logo-henderson.png\",\"width\":754,\"height\":97,\"caption\":\"CF International\"},\"image\":{\"@id\":\"https:\\\/\\\/www.cf-international-ecovis.com\\\/us\\\/#\\\/schema\\\/logo\\\/image\\\/\"}}]}<\/script>\n<!-- \/ Yoast SEO plugin. -->","yoast_head_json":{"title":"Legal - fran\u00e7ais - CF International US","robots":{"index":"noindex","follow":"nofollow"},"og_locale":"en_US","og_type":"article","og_title":"Legal - fran\u00e7ais - CF International US","og_description":"\u00c9DITEUR DU SITE CABINET HENDERSON \u2013 Groupe COMPAGNIE FIDUCIAIRE 11 Rue de Rome, 75008 PARIS https:\/\/www.cf-international-ecovis.com\/us\/\u2013 contact@compagnie-fiduciaire.com SA \u00e0 conseil [&hellip;]","og_url":"https:\/\/www.cf-international-ecovis.com\/us\/legal-francais\/","og_site_name":"CF International US","article_modified_time":"2021-03-25T15:34:12+00:00","twitter_card":"summary_large_image","twitter_misc":{"Est. reading time":"8 minutes"},"schema":{"@context":"https:\/\/schema.org","@graph":[{"@type":"WebPage","@id":"https:\/\/www.cf-international-ecovis.com\/us\/legal-francais\/","url":"https:\/\/www.cf-international-ecovis.com\/us\/legal-francais\/","name":"Legal - fran\u00e7ais - CF International US","isPartOf":{"@id":"https:\/\/www.cf-international-ecovis.com\/us\/#website"},"datePublished":"2021-02-18T15:44:29+00:00","dateModified":"2021-03-25T15:34:12+00:00","breadcrumb":{"@id":"https:\/\/www.cf-international-ecovis.com\/us\/legal-francais\/#breadcrumb"},"inLanguage":"en-US","potentialAction":[{"@type":"ReadAction","target":["https:\/\/www.cf-international-ecovis.com\/us\/legal-francais\/"]}]},{"@type":"BreadcrumbList","@id":"https:\/\/www.cf-international-ecovis.com\/us\/legal-francais\/#breadcrumb","itemListElement":[{"@type":"ListItem","position":1,"name":"Cabinet Henderson","item":"https:\/\/www.cf-international-ecovis.com\/us\/"},{"@type":"ListItem","position":2,"name":"Legal &#8211; fran\u00e7ais"}]},{"@type":"WebSite","@id":"https:\/\/www.cf-international-ecovis.com\/us\/#website","url":"https:\/\/www.cf-international-ecovis.com\/us\/","name":"CF International US Desk","description":"","publisher":{"@id":"https:\/\/www.cf-international-ecovis.com\/us\/#organization"},"potentialAction":[{"@type":"SearchAction","target":{"@type":"EntryPoint","urlTemplate":"https:\/\/www.cf-international-ecovis.com\/us\/?s={search_term_string}"},"query-input":{"@type":"PropertyValueSpecification","valueRequired":true,"valueName":"search_term_string"}}],"inLanguage":"en-US"},{"@type":"Organization","@id":"https:\/\/www.cf-international-ecovis.com\/us\/#organization","name":"CF International","url":"https:\/\/www.cf-international-ecovis.com\/us\/","logo":{"@type":"ImageObject","inLanguage":"en-US","@id":"https:\/\/www.cf-international-ecovis.com\/us\/#\/schema\/logo\/image\/","url":"https:\/\/www.cf-international-ecovis.com\/us\/wp-content\/uploads\/sites\/3\/2020\/11\/logo-henderson.png","contentUrl":"https:\/\/www.cf-international-ecovis.com\/us\/wp-content\/uploads\/sites\/3\/2020\/11\/logo-henderson.png","width":754,"height":97,"caption":"CF International"},"image":{"@id":"https:\/\/www.cf-international-ecovis.com\/us\/#\/schema\/logo\/image\/"}}]}},"_links":{"self":[{"href":"https:\/\/www.cf-international-ecovis.com\/us\/wp-json\/wp\/v2\/pages\/637","targetHints":{"allow":["GET"]}}],"collection":[{"href":"https:\/\/www.cf-international-ecovis.com\/us\/wp-json\/wp\/v2\/pages"}],"about":[{"href":"https:\/\/www.cf-international-ecovis.com\/us\/wp-json\/wp\/v2\/types\/page"}],"author":[{"embeddable":true,"href":"https:\/\/www.cf-international-ecovis.com\/us\/wp-json\/wp\/v2\/users\/2"}],"replies":[{"embeddable":true,"href":"https:\/\/www.cf-international-ecovis.com\/us\/wp-json\/wp\/v2\/comments?post=637"}],"version-history":[{"count":3,"href":"https:\/\/www.cf-international-ecovis.com\/us\/wp-json\/wp\/v2\/pages\/637\/revisions"}],"predecessor-version":[{"id":643,"href":"https:\/\/www.cf-international-ecovis.com\/us\/wp-json\/wp\/v2\/pages\/637\/revisions\/643"}],"wp:attachment":[{"href":"https:\/\/www.cf-international-ecovis.com\/us\/wp-json\/wp\/v2\/media?parent=637"}],"curies":[{"name":"wp","href":"https:\/\/api.w.org\/{rel}","templated":true}]}}